{"id":2389,"date":"2023-08-21T18:09:39","date_gmt":"2023-08-21T18:09:39","guid":{"rendered":"https:\/\/merakiimpact.com\/?page_id=2389"},"modified":"2025-11-06T14:01:41","modified_gmt":"2025-11-06T14:01:41","slug":"theory-of-change","status":"publish","type":"page","link":"https:\/\/merakiimpact.com\/pt\/theory-of-change\/","title":{"rendered":"Teoria da Mudan\u00e7a"},"content":{"rendered":"<div data-elementor-type=\"wp-page\" data-elementor-id=\"2389\" class=\"elementor elementor-2389\" data-elementor-post-type=\"page\">\n\t\t\t\t\t\t<section class=\"elementor-section elementor-top-section elementor-element elementor-element-26765844 elementor-section-height-min-height elementor-section-boxed elementor-section-height-default elementor-section-items-middle\" data-id=\"26765844\" data-element_type=\"section\" data-settings=\"{&quot;background_background&quot;:&quot;classic&quot;,&quot;jet_parallax_layout_list&quot;:[],&quot;shape_divider_bottom&quot;:&quot;tilt&quot;,&quot;shape_divider_top&quot;:&quot;tilt&quot;}\">\n\t\t\t\t\t\t\t<div class=\"elementor-background-overlay\"><\/div>\n\t\t\t\t\t\t<div class=\"elementor-shape elementor-shape-top\" aria-hidden=\"true\" data-negative=\"false\">\n\t\t\t<svg xmlns=\"http:\/\/www.w3.org\/2000\/svg\" viewbox=\"0 0 1000 100\" preserveaspectratio=\"none\">\n\t<path class=\"elementor-shape-fill\" d=\"M0,6V0h1000v100L0,6z\"\/>\n<\/svg>\t\t<\/div>\n\t\t\t\t<div class=\"elementor-shape elementor-shape-bottom\" aria-hidden=\"true\" data-negative=\"false\">\n\t\t\t<svg xmlns=\"http:\/\/www.w3.org\/2000\/svg\" viewbox=\"0 0 1000 100\" preserveaspectratio=\"none\">\n\t<path class=\"elementor-shape-fill\" d=\"M0,6V0h1000v100L0,6z\"\/>\n<\/svg>\t\t<\/div>\n\t\t\t\t\t<div class=\"elementor-container elementor-column-gap-default\">\n\t\t\t\t\t<div class=\"elementor-column elementor-col-100 elementor-top-column elementor-element elementor-element-b98a428\" data-id=\"b98a428\" data-element_type=\"column\">\n\t\t\t<div class=\"elementor-widget-wrap elementor-element-populated\">\n\t\t\t\t\t\t<div class=\"elementor-element elementor-element-38ff323 elementor-widget elementor-widget-heading\" data-id=\"38ff323\" data-element_type=\"widget\" data-widget_type=\"heading.default\">\n\t\t\t\t<div class=\"elementor-widget-container\">\n\t\t\t\t\t<h1 class=\"elementor-heading-title elementor-size-default\">Teoria da Mudan\u00e7a<\/h1>\t\t\t\t<\/div>\n\t\t\t\t<\/div>\n\t\t\t\t<div class=\"elementor-element elementor-element-2ec4dda elementor-align-center elementor-widget elementor-widget-lottie\" data-id=\"2ec4dda\" data-element_type=\"widget\" data-settings=\"{&quot;source_json&quot;:{&quot;url&quot;:&quot;https:\\\/\\\/merakiimpact.com\\\/wp-content\\\/uploads\\\/2023\\\/06\\\/separador.json&quot;,&quot;id&quot;:182,&quot;size&quot;:&quot;&quot;,&quot;alt&quot;:&quot;&quot;,&quot;source&quot;:&quot;library&quot;},&quot;loop&quot;:&quot;yes&quot;,&quot;source&quot;:&quot;media_file&quot;,&quot;caption_source&quot;:&quot;none&quot;,&quot;link_to&quot;:&quot;none&quot;,&quot;trigger&quot;:&quot;arriving_to_viewport&quot;,&quot;viewport&quot;:{&quot;unit&quot;:&quot;%&quot;,&quot;size&quot;:&quot;&quot;,&quot;sizes&quot;:{&quot;start&quot;:0,&quot;end&quot;:100}},&quot;play_speed&quot;:{&quot;unit&quot;:&quot;px&quot;,&quot;size&quot;:1,&quot;sizes&quot;:[]},&quot;start_point&quot;:{&quot;unit&quot;:&quot;%&quot;,&quot;size&quot;:0,&quot;sizes&quot;:[]},&quot;end_point&quot;:{&quot;unit&quot;:&quot;%&quot;,&quot;size&quot;:100,&quot;sizes&quot;:[]},&quot;renderer&quot;:&quot;svg&quot;}\" data-widget_type=\"lottie.default\">\n\t\t\t\t<div class=\"elementor-widget-container\">\n\t\t\t\t\t<div class=\"e-lottie__container\"><div class=\"e-lottie__animation\"><\/div><\/div>\t\t\t\t<\/div>\n\t\t\t\t<\/div>\n\t\t\t\t<div class=\"elementor-element elementor-element-e342cb7 browbg elementor-widget elementor-widget-heading\" data-id=\"e342cb7\" data-element_type=\"widget\" data-widget_type=\"heading.default\">\n\t\t\t\t<div class=\"elementor-widget-container\">\n\t\t\t\t\t<h2 class=\"elementor-heading-title elementor-size-default\">Acreditamos que o <strong>a regenera\u00e7\u00e3o do planeta est\u00e1 ligada \u00e0 transforma\u00e7\u00e3o das pessoas<\/strong>Portanto, fazer uma mudan\u00e7a para um sistema alimentar regenerativo \u00e9 fundamental nesse processo de cura.<\/h2>\t\t\t\t<\/div>\n\t\t\t\t<\/div>\n\t\t\t\t<div class=\"elementor-element elementor-element-4e226df9 elementor-widget elementor-widget-spacer\" data-id=\"4e226df9\" data-element_type=\"widget\" data-widget_type=\"spacer.default\">\n\t\t\t\t<div class=\"elementor-widget-container\">\n\t\t\t\t\t\t\t<div class=\"elementor-spacer\">\n\t\t\t<div class=\"elementor-spacer-inner\"><\/div>\n\t\t<\/div>\n\t\t\t\t\t\t<\/div>\n\t\t\t\t<\/div>\n\t\t\t\t<div class=\"elementor-element elementor-element-3ab2305b e-transform elementor-widget elementor-widget-image\" data-id=\"3ab2305b\" data-element_type=\"widget\" data-settings=\"{&quot;_transform_rotateZ_effect&quot;:{&quot;unit&quot;:&quot;px&quot;,&quot;size&quot;:180,&quot;sizes&quot;:[]},&quot;_transform_rotateZ_effect_tablet&quot;:{&quot;unit&quot;:&quot;deg&quot;,&quot;size&quot;:&quot;&quot;,&quot;sizes&quot;:[]},&quot;_transform_rotateZ_effect_mobile&quot;:{&quot;unit&quot;:&quot;deg&quot;,&quot;size&quot;:&quot;&quot;,&quot;sizes&quot;:[]}}\" data-widget_type=\"image.default\">\n\t\t\t\t<div class=\"elementor-widget-container\">\n\t\t\t\t\t\t\t\t\t\t\t\t\t\t\t<img decoding=\"async\" width=\"164\" height=\"119\" src=\"https:\/\/merakiimpact.com\/wp-content\/uploads\/2023\/06\/Asset-10@vector.svg\" class=\"attachment-large size-large wp-image-117\" alt=\"\" \/>\t\t\t\t\t\t\t\t\t\t\t\t\t\t\t<\/div>\n\t\t\t\t<\/div>\n\t\t\t\t\t<\/div>\n\t\t<\/div>\n\t\t\t\t\t<\/div>\n\t\t<\/section>\n\t\t\t\t<section class=\"elementor-section elementor-top-section elementor-element elementor-element-16bc2970 elementor-section-boxed elementor-section-height-default elementor-section-height-default\" data-id=\"16bc2970\" data-element_type=\"section\" data-settings=\"{&quot;jet_parallax_layout_list&quot;:[],&quot;background_background&quot;:&quot;classic&quot;,&quot;shape_divider_top&quot;:&quot;tilt&quot;}\">\n\t\t\t\t\t\t\t<div class=\"elementor-background-overlay\"><\/div>\n\t\t\t\t\t\t<div class=\"elementor-shape elementor-shape-top\" aria-hidden=\"true\" data-negative=\"false\">\n\t\t\t<svg xmlns=\"http:\/\/www.w3.org\/2000\/svg\" viewbox=\"0 0 1000 100\" preserveaspectratio=\"none\">\n\t<path class=\"elementor-shape-fill\" d=\"M0,6V0h1000v100L0,6z\"\/>\n<\/svg>\t\t<\/div>\n\t\t\t\t\t<div class=\"elementor-container elementor-column-gap-no\">\n\t\t\t\t\t<div class=\"elementor-column elementor-col-100 elementor-top-column elementor-element elementor-element-3e000848\" data-id=\"3e000848\" data-element_type=\"column\">\n\t\t\t<div class=\"elementor-widget-wrap elementor-element-populated\">\n\t\t\t\t\t\t<div class=\"elementor-element elementor-element-7fc4eb2c elementor-widget elementor-widget-text-editor\" data-id=\"7fc4eb2c\" data-element_type=\"widget\" data-widget_type=\"text-editor.default\">\n\t\t\t\t<div class=\"elementor-widget-container\">\n\t\t\t\t\t\t\t\t\tA humanidade perdeu sua conex\u00e3o com a natureza, que est\u00e1 no cerne da nossa crise clim\u00e1tica e de biodiversidade. Vemos o mundo natural como algo separado de n\u00f3s mesmos e nos referimos \u00e0 natureza como meramente \u201crecursos naturais\u201d. \t\t\t\t\t\t\t\t<\/div>\n\t\t\t\t<\/div>\n\t\t\t\t\t<\/div>\n\t\t<\/div>\n\t\t\t\t\t<\/div>\n\t\t<\/section>\n\t\t\t\t<section class=\"elementor-section elementor-top-section elementor-element elementor-element-16c1d068 elementor-section-content-middle greenbg elementor-section-boxed elementor-section-height-default elementor-section-height-default\" data-id=\"16c1d068\" data-element_type=\"section\" data-settings=\"{&quot;jet_parallax_layout_list&quot;:[],&quot;background_background&quot;:&quot;classic&quot;,&quot;shape_divider_top&quot;:&quot;tilt&quot;,&quot;shape_divider_bottom&quot;:&quot;tilt&quot;}\">\n\t\t\t\t\t<div class=\"elementor-shape elementor-shape-top\" aria-hidden=\"true\" data-negative=\"false\">\n\t\t\t<svg xmlns=\"http:\/\/www.w3.org\/2000\/svg\" viewbox=\"0 0 1000 100\" preserveaspectratio=\"none\">\n\t<path class=\"elementor-shape-fill\" d=\"M0,6V0h1000v100L0,6z\"\/>\n<\/svg>\t\t<\/div>\n\t\t\t\t<div class=\"elementor-shape elementor-shape-bottom\" aria-hidden=\"true\" data-negative=\"false\">\n\t\t\t<svg xmlns=\"http:\/\/www.w3.org\/2000\/svg\" viewbox=\"0 0 1000 100\" preserveaspectratio=\"none\">\n\t<path class=\"elementor-shape-fill\" d=\"M0,6V0h1000v100L0,6z\"\/>\n<\/svg>\t\t<\/div>\n\t\t\t\t\t<div class=\"elementor-container elementor-column-gap-default\">\n\t\t\t\t\t<div class=\"elementor-column elementor-col-50 elementor-top-column elementor-element elementor-element-2e2449ed\" data-id=\"2e2449ed\" data-element_type=\"column\">\n\t\t\t<div class=\"elementor-widget-wrap elementor-element-populated\">\n\t\t\t\t\t\t<div class=\"elementor-element elementor-element-679ce2e6 elementor-widget elementor-widget-image\" data-id=\"679ce2e6\" data-element_type=\"widget\" data-widget_type=\"image.default\">\n\t\t\t\t<div class=\"elementor-widget-container\">\n\t\t\t\t\t\t\t\t\t\t\t\t\t\t\t<img fetchpriority=\"high\" decoding=\"async\" width=\"800\" height=\"534\" src=\"https:\/\/merakiimpact.com\/wp-content\/uploads\/2023\/07\/planting-1024x683.png\" class=\"attachment-large size-large wp-image-1477\" alt=\"\" srcset=\"https:\/\/merakiimpact.com\/wp-content\/uploads\/2023\/07\/planting-1024x683.png 1024w, https:\/\/merakiimpact.com\/wp-content\/uploads\/2023\/07\/planting-300x200.png 300w, https:\/\/merakiimpact.com\/wp-content\/uploads\/2023\/07\/planting-768x512.png 768w, https:\/\/merakiimpact.com\/wp-content\/uploads\/2023\/07\/planting-1536x1024.png 1536w, https:\/\/merakiimpact.com\/wp-content\/uploads\/2023\/07\/planting.png 1800w\" sizes=\"(max-width: 800px) 100vw, 800px\" \/>\t\t\t\t\t\t\t\t\t\t\t\t\t\t\t<\/div>\n\t\t\t\t<\/div>\n\t\t\t\t<div class=\"elementor-element elementor-element-74d7e062 elementor-absolute elementor-widget elementor-widget-image\" data-id=\"74d7e062\" data-element_type=\"widget\" data-settings=\"{&quot;_position&quot;:&quot;absolute&quot;}\" data-widget_type=\"image.default\">\n\t\t\t\t<div class=\"elementor-widget-container\">\n\t\t\t\t\t\t\t\t\t\t\t\t\t\t\t<img decoding=\"async\" width=\"245\" height=\"223\" src=\"https:\/\/merakiimpact.com\/wp-content\/uploads\/2023\/07\/Asset-33@vector.svg\" class=\"attachment-large size-large wp-image-1137\" alt=\"\" \/>\t\t\t\t\t\t\t\t\t\t\t\t\t\t\t<\/div>\n\t\t\t\t<\/div>\n\t\t\t\t\t<\/div>\n\t\t<\/div>\n\t\t\t\t<div class=\"elementor-column elementor-col-50 elementor-top-column elementor-element elementor-element-7149702\" data-id=\"7149702\" data-element_type=\"column\">\n\t\t\t<div class=\"elementor-widget-wrap elementor-element-populated\">\n\t\t\t\t\t\t<div class=\"elementor-element elementor-element-2027d1e2 elementor-widget elementor-widget-text-editor\" data-id=\"2027d1e2\" data-element_type=\"widget\" data-widget_type=\"text-editor.default\">\n\t\t\t\t<div class=\"elementor-widget-container\">\n\t\t\t\t\t\t\t\t\t<p>Um v\u00ednculo ineg\u00e1vel que cria uma conex\u00e3o profunda entre os humanos e o que chamamos de natureza \u2013 ou o planeta \u2013 \u00e9 a comida. Ela est\u00e1 essencialmente transformando a comida que cultivamos e coletamos em nutrientes para nosso sangue, pele e at\u00e9 mesmo nossos c\u00e9rebros. A comida \u00e9, de alguma forma, quem somos. Ela nos preenche como um combust\u00edvel magn\u00edfico ao mesmo tempo em que nos constr\u00f3i.<\/p>\t\t\t\t\t\t\t\t<\/div>\n\t\t\t\t<\/div>\n\t\t\t\t\t<\/div>\n\t\t<\/div>\n\t\t\t\t\t<\/div>\n\t\t<\/section>\n\t\t\t\t<section class=\"elementor-section elementor-top-section elementor-element elementor-element-485a2737 elementor-section-content-middle elementor-reverse-mobile elementor-section-boxed elementor-section-height-default elementor-section-height-default\" data-id=\"485a2737\" data-element_type=\"section\" data-settings=\"{&quot;jet_parallax_layout_list&quot;:[],&quot;background_background&quot;:&quot;classic&quot;,&quot;shape_divider_bottom&quot;:&quot;tilt&quot;}\">\n\t\t\t\t\t<div class=\"elementor-shape elementor-shape-bottom\" aria-hidden=\"true\" data-negative=\"false\">\n\t\t\t<svg xmlns=\"http:\/\/www.w3.org\/2000\/svg\" viewbox=\"0 0 1000 100\" preserveaspectratio=\"none\">\n\t<path class=\"elementor-shape-fill\" d=\"M0,6V0h1000v100L0,6z\"\/>\n<\/svg>\t\t<\/div>\n\t\t\t\t\t<div class=\"elementor-container elementor-column-gap-default\">\n\t\t\t\t\t<div class=\"elementor-column elementor-col-50 elementor-top-column elementor-element elementor-element-5cbdb6e1\" data-id=\"5cbdb6e1\" data-element_type=\"column\">\n\t\t\t<div class=\"elementor-widget-wrap elementor-element-populated\">\n\t\t\t\t\t\t<div class=\"elementor-element elementor-element-5c6c6fd elementor-widget elementor-widget-text-editor\" data-id=\"5c6c6fd\" data-element_type=\"widget\" data-widget_type=\"text-editor.default\">\n\t\t\t\t<div class=\"elementor-widget-container\">\n\t\t\t\t\t\t\t\t\tPor meio da agricultura regenerativa, podemos curar nossos solos e causar um impacto enorme na revers\u00e3o das mudan\u00e7as clim\u00e1ticas, com resultados como a remo\u00e7\u00e3o de carbono e a restaura\u00e7\u00e3o da biodiversidade.\n\t\t\t\t\t\t\t\t<\/div>\n\t\t\t\t<\/div>\n\t\t\t\t\t<\/div>\n\t\t<\/div>\n\t\t\t\t<div class=\"elementor-column elementor-col-50 elementor-top-column elementor-element elementor-element-179df58e\" data-id=\"179df58e\" data-element_type=\"column\">\n\t\t\t<div class=\"elementor-widget-wrap elementor-element-populated\">\n\t\t\t\t\t\t<div class=\"elementor-element elementor-element-32c926e7 elementor-widget elementor-widget-image\" data-id=\"32c926e7\" data-element_type=\"widget\" data-widget_type=\"image.default\">\n\t\t\t\t<div class=\"elementor-widget-container\">\n\t\t\t\t\t\t\t\t\t\t\t\t\t\t\t<img loading=\"lazy\" decoding=\"async\" width=\"800\" height=\"534\" src=\"https:\/\/merakiimpact.com\/wp-content\/uploads\/2023\/07\/coming-together-sake-our-beautiful-planet-closeup-shot-group-unrecognizable-people-holding-plants-growing-out-soil-1024x683.jpg\" class=\"attachment-large size-large wp-image-888\" alt=\"\" srcset=\"https:\/\/merakiimpact.com\/wp-content\/uploads\/2023\/07\/coming-together-sake-our-beautiful-planet-closeup-shot-group-unrecognizable-people-holding-plants-growing-out-soil-1024x683.jpg 1024w, https:\/\/merakiimpact.com\/wp-content\/uploads\/2023\/07\/coming-together-sake-our-beautiful-planet-closeup-shot-group-unrecognizable-people-holding-plants-growing-out-soil-300x200.jpg 300w, https:\/\/merakiimpact.com\/wp-content\/uploads\/2023\/07\/coming-together-sake-our-beautiful-planet-closeup-shot-group-unrecognizable-people-holding-plants-growing-out-soil-768x513.jpg 768w, https:\/\/merakiimpact.com\/wp-content\/uploads\/2023\/07\/coming-together-sake-our-beautiful-planet-closeup-shot-group-unrecognizable-people-holding-plants-growing-out-soil-1536x1025.jpg 1536w, https:\/\/merakiimpact.com\/wp-content\/uploads\/2023\/07\/coming-together-sake-our-beautiful-planet-closeup-shot-group-unrecognizable-people-holding-plants-growing-out-soil-2048x1367.jpg 2048w\" sizes=\"(max-width: 800px) 100vw, 800px\" \/>\t\t\t\t\t\t\t\t\t\t\t\t\t\t\t<\/div>\n\t\t\t\t<\/div>\n\t\t\t\t<div class=\"elementor-element elementor-element-6e5052ed elementor-absolute elementor-widget elementor-widget-image\" data-id=\"6e5052ed\" data-element_type=\"widget\" data-settings=\"{&quot;_position&quot;:&quot;absolute&quot;}\" data-widget_type=\"image.default\">\n\t\t\t\t<div class=\"elementor-widget-container\">\n\t\t\t\t\t\t\t\t\t\t\t\t\t\t\t<img loading=\"lazy\" decoding=\"async\" width=\"210\" height=\"418\" src=\"https:\/\/merakiimpact.com\/wp-content\/uploads\/2023\/07\/Asset-20@vector.svg\" class=\"attachment-large size-large wp-image-1123\" alt=\"\" \/>\t\t\t\t\t\t\t\t\t\t\t\t\t\t\t<\/div>\n\t\t\t\t<\/div>\n\t\t\t\t\t<\/div>\n\t\t<\/div>\n\t\t\t\t\t<\/div>\n\t\t<\/section>\n\t\t\t\t<section class=\"elementor-section elementor-top-section elementor-element elementor-element-624d08b elementor-section-content-middle elementor-section-boxed elementor-section-height-default elementor-section-height-default\" data-id=\"624d08b\" data-element_type=\"section\" data-settings=\"{&quot;jet_parallax_layout_list&quot;:[],&quot;background_background&quot;:&quot;classic&quot;,&quot;shape_divider_top&quot;:&quot;tilt&quot;}\">\n\t\t\t\t\t<div class=\"elementor-shape elementor-shape-top\" aria-hidden=\"true\" data-negative=\"false\">\n\t\t\t<svg xmlns=\"http:\/\/www.w3.org\/2000\/svg\" viewbox=\"0 0 1000 100\" preserveaspectratio=\"none\">\n\t<path class=\"elementor-shape-fill\" d=\"M0,6V0h1000v100L0,6z\"\/>\n<\/svg>\t\t<\/div>\n\t\t\t\t\t<div class=\"elementor-container elementor-column-gap-default\">\n\t\t\t\t\t<div class=\"elementor-column elementor-col-50 elementor-top-column elementor-element elementor-element-71939701\" data-id=\"71939701\" data-element_type=\"column\">\n\t\t\t<div class=\"elementor-widget-wrap elementor-element-populated\">\n\t\t\t\t\t\t<div class=\"elementor-element elementor-element-2225646d elementor-widget elementor-widget-image\" data-id=\"2225646d\" data-element_type=\"widget\" data-widget_type=\"image.default\">\n\t\t\t\t<div class=\"elementor-widget-container\">\n\t\t\t\t\t\t\t\t\t\t\t\t\t\t\t<img loading=\"lazy\" decoding=\"async\" width=\"800\" height=\"534\" src=\"https:\/\/merakiimpact.com\/wp-content\/uploads\/2023\/08\/small-trees-planted-earth-shaped-soil-green-concept-earth-day-concept-1024x683.jpeg\" class=\"attachment-large size-large wp-image-2479\" alt=\"\" srcset=\"https:\/\/merakiimpact.com\/wp-content\/uploads\/2023\/08\/small-trees-planted-earth-shaped-soil-green-concept-earth-day-concept-1024x683.jpeg 1024w, https:\/\/merakiimpact.com\/wp-content\/uploads\/2023\/08\/small-trees-planted-earth-shaped-soil-green-concept-earth-day-concept-300x200.jpeg 300w, https:\/\/merakiimpact.com\/wp-content\/uploads\/2023\/08\/small-trees-planted-earth-shaped-soil-green-concept-earth-day-concept-768x512.jpeg 768w, https:\/\/merakiimpact.com\/wp-content\/uploads\/2023\/08\/small-trees-planted-earth-shaped-soil-green-concept-earth-day-concept.jpeg 1500w\" sizes=\"(max-width: 800px) 100vw, 800px\" \/>\t\t\t\t\t\t\t\t\t\t\t\t\t\t\t<\/div>\n\t\t\t\t<\/div>\n\t\t\t\t\t<\/div>\n\t\t<\/div>\n\t\t\t\t<div class=\"elementor-column elementor-col-50 elementor-top-column elementor-element elementor-element-1ebdd957\" data-id=\"1ebdd957\" data-element_type=\"column\">\n\t\t\t<div class=\"elementor-widget-wrap elementor-element-populated\">\n\t\t\t\t\t\t<div class=\"elementor-element elementor-element-28cfb054 elementor-widget elementor-widget-text-editor\" data-id=\"28cfb054\" data-element_type=\"widget\" data-widget_type=\"text-editor.default\">\n\t\t\t\t<div class=\"elementor-widget-container\">\n\t\t\t\t\t\t\t\t\t<p><span style=\"font-weight: 400;\">Tudo come\u00e7a no solo e termina em um corpo e uma mente mais saud\u00e1veis, alimentados com alimentos ricos em nutrientes produzidos em um ambiente natural e saud\u00e1vel. <\/span><span style=\"font-weight: 400;\">Sem d\u00favidas, o solo \u00e9 o cora\u00e7\u00e3o da nossa tese, onde a maior parte dos nossos alimentos \u00e9 produzida.<\/span><\/p>\t\t\t\t\t\t\t\t<\/div>\n\t\t\t\t<\/div>\n\t\t\t\t\t<\/div>\n\t\t<\/div>\n\t\t\t\t\t<\/div>\n\t\t<\/section>\n\t\t\t\t<section class=\"elementor-section elementor-top-section elementor-element elementor-element-6af28625 elementor-section-content-middle elementor-section-boxed elementor-section-height-default elementor-section-height-default\" data-id=\"6af28625\" data-element_type=\"section\" data-settings=\"{&quot;jet_parallax_layout_list&quot;:[],&quot;background_background&quot;:&quot;classic&quot;,&quot;shape_divider_top&quot;:&quot;tilt&quot;}\">\n\t\t\t\t\t\t\t<div class=\"elementor-background-overlay\"><\/div>\n\t\t\t\t\t\t<div class=\"elementor-shape elementor-shape-top\" aria-hidden=\"true\" data-negative=\"false\">\n\t\t\t<svg xmlns=\"http:\/\/www.w3.org\/2000\/svg\" viewbox=\"0 0 1000 100\" preserveaspectratio=\"none\">\n\t<path class=\"elementor-shape-fill\" d=\"M0,6V0h1000v100L0,6z\"\/>\n<\/svg>\t\t<\/div>\n\t\t\t\t\t<div class=\"elementor-container elementor-column-gap-no\">\n\t\t\t\t\t<div class=\"elementor-column elementor-col-100 elementor-top-column elementor-element elementor-element-109836f6 elementor-invisible\" data-id=\"109836f6\" data-element_type=\"column\" data-settings=\"{&quot;animation&quot;:&quot;fadeInRight&quot;}\">\n\t\t\t<div class=\"elementor-widget-wrap elementor-element-populated\">\n\t\t\t\t\t\t<div class=\"elementor-element elementor-element-b8fb010 elementor-widget elementor-widget-image\" data-id=\"b8fb010\" data-element_type=\"widget\" data-widget_type=\"image.default\">\n\t\t\t\t<div class=\"elementor-widget-container\">\n\t\t\t\t\t\t\t\t\t\t\t\t\t\t\t<img loading=\"lazy\" decoding=\"async\" width=\"800\" height=\"767\" src=\"https:\/\/merakiimpact.com\/wp-content\/uploads\/2024\/01\/logo.svg\" class=\"attachment-large size-large wp-image-2823\" alt=\"\" \/>\t\t\t\t\t\t\t\t\t\t\t\t\t\t\t<\/div>\n\t\t\t\t<\/div>\n\t\t\t\t<div class=\"elementor-element elementor-element-5be481fd elementor-widget elementor-widget-text-editor\" data-id=\"5be481fd\" data-element_type=\"widget\" data-widget_type=\"text-editor.default\">\n\t\t\t\t<div class=\"elementor-widget-container\">\n\t\t\t\t\t\t\t\t\t<p>Meraki Impact patrocinado <strong>Investindo em Agricultura Regenerativa - Centro de Alimentos (NL)<\/strong> para criar um novo curso para pessoas interessadas em <strong>investindo<\/strong>, <strong>come\u00e7ando<\/strong>, e <strong>em desenvolvimento<\/strong> empresas ou alavancando seus pap\u00e9is dentro de corpora\u00e7\u00f5es estabelecidas de alimentos e agricultura para impulsionar o progresso na esfera regenerativa.<\/p>\n<p>Este curso abrangente foi desenvolvido para fornecer a voc\u00ea o <strong>conhecimento e ferramentas que voc\u00ea precisa para tomar decis\u00f5es informadas dentro da agricultura regenerativa<\/strong> e cen\u00e1rio alimentar.<\/p>\t\t\t\t\t\t\t\t<\/div>\n\t\t\t\t<\/div>\n\t\t\t\t<div class=\"elementor-element elementor-element-6d4b0b07 bluebg elementor-widget elementor-widget-heading\" data-id=\"6d4b0b07\" data-element_type=\"widget\" data-widget_type=\"heading.default\">\n\t\t\t\t<div class=\"elementor-widget-container\">\n\t\t\t\t\t<span class=\"elementor-heading-title elementor-size-default\"><a href=\"https:\/\/foodhub.nl\/en\/opleidingen\/your-path-forward-in-regenerative-food-and-agriculture\/\" target=\"_blank\">Saiba mais sobre o curso<\/a><\/span>\t\t\t\t<\/div>\n\t\t\t\t<\/div>\n\t\t\t\t\t<\/div>\n\t\t<\/div>\n\t\t\t\t\t<\/div>\n\t\t<\/section>\n\t\t\t\t<section class=\"elementor-section elementor-top-section elementor-element elementor-element-14c6af0 elementor-section-content-middle elementor-section-boxed elementor-section-height-default elementor-section-height-default\" data-id=\"14c6af0\" data-element_type=\"section\" data-settings=\"{&quot;jet_parallax_layout_list&quot;:[],&quot;background_background&quot;:&quot;classic&quot;,&quot;shape_divider_bottom&quot;:&quot;tilt&quot;,&quot;shape_divider_top&quot;:&quot;tilt&quot;}\">\n\t\t\t\t\t\t\t<div class=\"elementor-background-overlay\"><\/div>\n\t\t\t\t\t\t<div class=\"elementor-shape elementor-shape-top\" aria-hidden=\"true\" data-negative=\"false\">\n\t\t\t<svg xmlns=\"http:\/\/www.w3.org\/2000\/svg\" viewbox=\"0 0 1000 100\" preserveaspectratio=\"none\">\n\t<path class=\"elementor-shape-fill\" d=\"M0,6V0h1000v100L0,6z\"\/>\n<\/svg>\t\t<\/div>\n\t\t\t\t<div class=\"elementor-shape elementor-shape-bottom\" aria-hidden=\"true\" data-negative=\"false\">\n\t\t\t<svg xmlns=\"http:\/\/www.w3.org\/2000\/svg\" viewbox=\"0 0 1000 100\" preserveaspectratio=\"none\">\n\t<path class=\"elementor-shape-fill\" d=\"M0,6V0h1000v100L0,6z\"\/>\n<\/svg>\t\t<\/div>\n\t\t\t\t\t<div class=\"elementor-container elementor-column-gap-no\">\n\t\t\t\t\t<div class=\"elementor-column elementor-col-100 elementor-top-column elementor-element elementor-element-bea82d2 elementor-invisible\" data-id=\"bea82d2\" data-element_type=\"column\" data-settings=\"{&quot;animation&quot;:&quot;fadeInRight&quot;}\">\n\t\t\t<div class=\"elementor-widget-wrap elementor-element-populated\">\n\t\t\t\t\t\t<div class=\"elementor-element elementor-element-e340449 elementor-widget elementor-widget-text-editor\" data-id=\"e340449\" data-element_type=\"widget\" data-widget_type=\"text-editor.default\">\n\t\t\t\t<div class=\"elementor-widget-container\">\n\t\t\t\t\t\t\t\t\tEstruturamos nossos investimentos como capital catalisador<strong> para promover mudan\u00e7as em nossos sistemas alimentares<\/strong>\n\t\t\t\t\t\t\t\t<\/div>\n\t\t\t\t<\/div>\n\t\t\t\t<div class=\"elementor-element elementor-element-609bb27 browbg elementor-widget elementor-widget-heading\" data-id=\"609bb27\" data-element_type=\"widget\" data-widget_type=\"heading.default\">\n\t\t\t\t<div class=\"elementor-widget-container\">\n\t\t\t\t\t<span class=\"elementor-heading-title elementor-size-default\"><a href=\"https:\/\/merakiimpact.com\/pt\/investment-thesis\/\">Saiba mais sobre nossos <br>Tese de Investimento<\/a><\/span>\t\t\t\t<\/div>\n\t\t\t\t<\/div>\n\t\t\t\t\t<\/div>\n\t\t<\/div>\n\t\t\t\t\t<\/div>\n\t\t<\/section>\n\t\t\t\t<\/div>","protected":false},"excerpt":{"rendered":"<p>Theory of Change We believe that the regeneration of the planet is connected to the transformation of people, therefore, making a shift to a regenerative food system is key in this healing process. Humanity has lost its connection to nature, which is at the core of our climate and biodiversity crisis. We view the natural [&hellip;]<\/p>","protected":false},"author":1,"featured_media":0,"parent":0,"menu_order":0,"comment_status":"closed","ping_status":"closed","template":"","meta":{"footnotes":""},"class_list":["post-2389","page","type-page","status-publish","hentry"],"_links":{"self":[{"href":"https:\/\/merakiimpact.com\/pt\/wp-json\/wp\/v2\/pages\/2389","targetHints":{"allow":["GET"]}}],"collection":[{"href":"https:\/\/merakiimpact.com\/pt\/wp-json\/wp\/v2\/pages"}],"about":[{"href":"https:\/\/merakiimpact.com\/pt\/wp-json\/wp\/v2\/types\/page"}],"author":[{"embeddable":true,"href":"https:\/\/merakiimpact.com\/pt\/wp-json\/wp\/v2\/users\/1"}],"replies":[{"embeddable":true,"href":"https:\/\/merakiimpact.com\/pt\/wp-json\/wp\/v2\/comments?post=2389"}],"version-history":[{"count":12,"href":"https:\/\/merakiimpact.com\/pt\/wp-json\/wp\/v2\/pages\/2389\/revisions"}],"predecessor-version":[{"id":3601,"href":"https:\/\/merakiimpact.com\/pt\/wp-json\/wp\/v2\/pages\/2389\/revisions\/3601"}],"wp:attachment":[{"href":"https:\/\/merakiimpact.com\/pt\/wp-json\/wp\/v2\/media?parent=2389"}],"curies":[{"name":"wp","href":"https:\/\/api.w.org\/{rel}","templated":true}]}}